{"id":26662,"date":"2025-08-19T13:37:05","date_gmt":"2025-08-19T17:37:05","guid":{"rendered":"https:\/\/www.findtherapeutics.com\/?page_id=26662"},"modified":"2025-08-26T16:03:55","modified_gmt":"2025-08-26T20:03:55","slug":"a-propos-des-temoins","status":"publish","type":"page","link":"https:\/\/www.findtherapeutics.com\/fr\/a-propos-des-temoins\/","title":{"rendered":"\u00c0 propos des t\u00e9moins"},"content":{"rendered":"\t\t<div data-elementor-type=\"wp-page\" data-elementor-id=\"26662\" class=\"elementor elementor-26662\">\n\t\t\t\t\t\t<div class=\"elementor-inner\">\n\t\t\t\t<div class=\"elementor-section-wrap\">\n\t\t\t\t\t\t\t\t\t<section class=\"elementor-section elementor-top-section elementor-element elementor-element-7fe8e5b scheme_default elementor-section-boxed elementor-section-height-default elementor-section-height-default sc_fly_static\" data-id=\"7fe8e5b\" data-element_type=\"section\" data-settings=\"{&quot;background_background&quot;:&quot;classic&quot;}\">\n\t\t\t\t\t\t\t<div class=\"elementor-background-overlay\"><\/div>\n\t\t\t\t\t\t\t<div class=\"elementor-container elementor-column-gap-extended\">\n\t\t\t\t\t\t\t<div class=\"elementor-row\">\n\t\t\t\t\t<div class=\"elementor-column elementor-col-100 elementor-top-column elementor-element elementor-element-87112c5 sc_inner_width_none sc_content_align_inherit sc_layouts_column_icons_position_left sc_fly_static\" data-id=\"87112c5\" data-element_type=\"column\">\n\t\t\t<div class=\"elementor-column-wrap elementor-element-populated\">\n\t\t\t\t\t\t\t<div class=\"elementor-widget-wrap\">\n\t\t\t\t\t\t<div class=\"elementor-element elementor-element-e8f280e sc_fly_static elementor-widget elementor-widget-spacer\" data-id=\"e8f280e\" data-element_type=\"widget\" data-widget_type=\"spacer.default\">\n\t\t\t\t<div class=\"elementor-widget-container\">\n\t\t\t\t\t<div class=\"elementor-spacer\">\n\t\t\t<div class=\"elementor-spacer-inner\"><\/div>\n\t\t<\/div>\n\t\t\t\t<\/div>\n\t\t\t\t<\/div>\n\t\t\t\t<div class=\"elementor-element elementor-element-20a94df sc_fly_static elementor-widget elementor-widget-trx_sc_title\" data-id=\"20a94df\" data-element_type=\"widget\" data-widget_type=\"trx_sc_title.default\">\n\t\t\t\t<div class=\"elementor-widget-container\">\n\t\t\t<div\t\tclass=\"sc_title sc_title_default\" ><h1 class=\"sc_item_title sc_title_title sc_align_left sc_item_title_style_default sc_item_title_tag trx_addons_inline_799194375\"\n\t\t\t><span class=\"sc_item_title_text\">\u00c0 propos des t\u00e9moins (\u00ab cookies \u00bb)<\/span><\/h1><\/div>\t\t<\/div>\n\t\t\t\t<\/div>\n\t\t\t\t<div class=\"elementor-element elementor-element-c8ba8ae elementor-widget-divider--view-line sc_fly_static elementor-widget elementor-widget-divider\" data-id=\"c8ba8ae\" data-element_type=\"widget\" data-widget_type=\"divider.default\">\n\t\t\t\t<div class=\"elementor-widget-container\">\n\t\t\t\t\t<div class=\"elementor-divider\">\n\t\t\t<span class=\"elementor-divider-separator\">\n\t\t\t\t\t\t<\/span>\n\t\t<\/div>\n\t\t\t\t<\/div>\n\t\t\t\t<\/div>\n\t\t\t\t<div class=\"elementor-element elementor-element-c300fb6 sc_height_medium sc_fly_static elementor-widget elementor-widget-spacer\" data-id=\"c300fb6\" data-element_type=\"widget\" data-widget_type=\"spacer.default\">\n\t\t\t\t<div class=\"elementor-widget-container\">\n\t\t\t\t\t<div class=\"elementor-spacer\">\n\t\t\t<div class=\"elementor-spacer-inner\"><\/div>\n\t\t<\/div>\n\t\t\t\t<\/div>\n\t\t\t\t<\/div>\n\t\t\t\t<div class=\"elementor-element elementor-element-9880dc1 sc_fly_static elementor-widget elementor-widget-text-editor\" data-id=\"9880dc1\" data-element_type=\"widget\" data-widget_type=\"text-editor.default\">\n\t\t\t\t<div class=\"elementor-widget-container\">\n\t\t\t\t\t\t\t\t<div class=\"elementor-text-editor elementor-clearfix\">\n\t\t\t\t<p>Derni\u00e8re mise \u00e0 jour : ao\u00fbt 2025<\/p><p>D\u00c9TAILS SUR LES T\u00c9MOINS ESSENTIELS<\/p><p>Conform\u00e9ment \u00e0 notre Politique de confidentialit\u00e9, seuls des t\u00e9moins essentiels sont utilis\u00e9s sur ce site. Ces t\u00e9moins sont strictement n\u00e9cessaires pour assurer le bon fonctionnement du site Web, notamment la s\u00e9lection de la langue, l\u2019optimisation de l\u2019affichage et la navigation s\u00e9curis\u00e9e. Ils ne recueillent aucune information personnelle identifiable et ne peuvent pas \u00eatre d\u00e9sactiv\u00e9s.<\/p><p>Par souci de transparence, vous trouverez ci-dessous la liste des t\u00e9moins essentiels actuellement actifs, telle qu\u2019affich\u00e9e dans notre outil de gestion CookieYes.<\/p>\t\t\t\t\t<\/div>\n\t\t\t\t\t\t<\/div>\n\t\t\t\t<\/div>\n\t\t\t\t\t\t<\/div>\n\t\t\t\t\t<\/div>\n\t\t<\/div>\n\t\t\t\t\t\t\t\t<\/div>\n\t\t\t\t\t<\/div>\n\t\t<\/section>\n\t\t\t\t<section class=\"elementor-section elementor-top-section elementor-element elementor-element-c5e664d elementor-section-boxed elementor-section-height-default elementor-section-height-default sc_fly_static\" data-id=\"c5e664d\" data-element_type=\"section\" data-settings=\"{&quot;background_background&quot;:&quot;classic&quot;}\">\n\t\t\t\t\t\t<div class=\"elementor-container elementor-column-gap-extended\">\n\t\t\t\t\t\t\t<div class=\"elementor-row\">\n\t\t\t\t\t<div class=\"elementor-column elementor-col-100 elementor-top-column elementor-element elementor-element-e376b37 sc_inner_width_none sc_content_align_inherit sc_layouts_column_icons_position_left sc_fly_static\" data-id=\"e376b37\" data-element_type=\"column\">\n\t\t\t<div class=\"elementor-column-wrap elementor-element-populated\">\n\t\t\t\t\t\t\t<div class=\"elementor-widget-wrap\">\n\t\t\t\t\t\t<div class=\"elementor-element elementor-element-09226ba sc_height_medium sc_fly_static elementor-widget elementor-widget-spacer\" data-id=\"09226ba\" data-element_type=\"widget\" data-widget_type=\"spacer.default\">\n\t\t\t\t<div class=\"elementor-widget-container\">\n\t\t\t\t\t<div class=\"elementor-spacer\">\n\t\t\t<div class=\"elementor-spacer-inner\"><\/div>\n\t\t<\/div>\n\t\t\t\t<\/div>\n\t\t\t\t<\/div>\n\t\t\t\t<div class=\"elementor-element elementor-element-e7341bd sc_fly_static elementor-widget elementor-widget-image\" data-id=\"e7341bd\" data-element_type=\"widget\" data-widget_type=\"image.default\">\n\t\t\t\t<div class=\"elementor-widget-container\">\n\t\t\t\t\t\t\t\t<div class=\"elementor-image\">\n\t\t\t\t\t\t\t\t\t\t\t\t<img loading=\"lazy\" decoding=\"async\" width=\"895\" height=\"1024\" src=\"https:\/\/www.findtherapeutics.com\/wp-content\/uploads\/2025\/08\/cookieyes-temoins-essentiels-fr-1-895x1024.png\" class=\"attachment-large size-large\" alt=\"\" srcset=\"https:\/\/www.findtherapeutics.com\/wp-content\/uploads\/2025\/08\/cookieyes-temoins-essentiels-fr-1-895x1024.png 895w, https:\/\/www.findtherapeutics.com\/wp-content\/uploads\/2025\/08\/cookieyes-temoins-essentiels-fr-1-262x300.png 262w, https:\/\/www.findtherapeutics.com\/wp-content\/uploads\/2025\/08\/cookieyes-temoins-essentiels-fr-1-768x879.png 768w, https:\/\/www.findtherapeutics.com\/wp-content\/uploads\/2025\/08\/cookieyes-temoins-essentiels-fr-1-1342x1536.png 1342w, https:\/\/www.findtherapeutics.com\/wp-content\/uploads\/2025\/08\/cookieyes-temoins-essentiels-fr-1-370x423.png 370w, https:\/\/www.findtherapeutics.com\/wp-content\/uploads\/2025\/08\/cookieyes-temoins-essentiels-fr-1-840x961.png 840w, https:\/\/www.findtherapeutics.com\/wp-content\/uploads\/2025\/08\/cookieyes-temoins-essentiels-fr-1-410x469.png 410w, https:\/\/www.findtherapeutics.com\/wp-content\/uploads\/2025\/08\/cookieyes-temoins-essentiels-fr-1.png 1660w\" sizes=\"auto, (max-width: 895px) 100vw, 895px\" \/>\t\t\t\t\t\t\t\t\t\t\t\t\t\t<\/div>\n\t\t\t\t\t\t<\/div>\n\t\t\t\t<\/div>\n\t\t\t\t<div class=\"elementor-element elementor-element-43b36fd sc_fly_static elementor-widget elementor-widget-spacer\" data-id=\"43b36fd\" data-element_type=\"widget\" data-widget_type=\"spacer.default\">\n\t\t\t\t<div class=\"elementor-widget-container\">\n\t\t\t\t\t<div class=\"elementor-spacer\">\n\t\t\t<div class=\"elementor-spacer-inner\"><\/div>\n\t\t<\/div>\n\t\t\t\t<\/div>\n\t\t\t\t<\/div>\n\t\t\t\t\t\t<\/div>\n\t\t\t\t\t<\/div>\n\t\t<\/div>\n\t\t\t\t\t\t\t\t<\/div>\n\t\t\t\t\t<\/div>\n\t\t<\/section>\n\t\t\t\t\t\t\t\t\t<\/div>\n\t\t\t<\/div>\n\t\t\t\t\t<\/div>\n\t\t","protected":false},"excerpt":{"rendered":"<p>\u00c0 propos des t\u00e9moins (\u00ab cookies \u00bb) Derni\u00e8re mise \u00e0 jour : ao\u00fbt 2025 D\u00c9TAILS&hellip;<\/p>\n","protected":false},"author":1,"featured_media":0,"parent":0,"menu_order":0,"comment_status":"closed","ping_status":"closed","template":"","meta":{"footnotes":""},"class_list":["post-26662","page","type-page","status-publish","hentry"],"_links":{"self":[{"href":"https:\/\/www.findtherapeutics.com\/fr\/wp-json\/wp\/v2\/pages\/26662","targetHints":{"allow":["GET"]}}],"collection":[{"href":"https:\/\/www.findtherapeutics.com\/fr\/wp-json\/wp\/v2\/pages"}],"about":[{"href":"https:\/\/www.findtherapeutics.com\/fr\/wp-json\/wp\/v2\/types\/page"}],"author":[{"embeddable":true,"href":"https:\/\/www.findtherapeutics.com\/fr\/wp-json\/wp\/v2\/users\/1"}],"replies":[{"embeddable":true,"href":"https:\/\/www.findtherapeutics.com\/fr\/wp-json\/wp\/v2\/comments?post=26662"}],"version-history":[{"count":19,"href":"https:\/\/www.findtherapeutics.com\/fr\/wp-json\/wp\/v2\/pages\/26662\/revisions"}],"predecessor-version":[{"id":26770,"href":"https:\/\/www.findtherapeutics.com\/fr\/wp-json\/wp\/v2\/pages\/26662\/revisions\/26770"}],"wp:attachment":[{"href":"https:\/\/www.findtherapeutics.com\/fr\/wp-json\/wp\/v2\/media?parent=26662"}],"curies":[{"name":"wp","href":"https:\/\/api.w.org\/{rel}","templated":true}]}}